{"id":10,"date":"2014-11-03T11:07:07","date_gmt":"2014-11-03T13:07:07","guid":{"rendered":"http:\/\/sirc.dgi.inpe.br\/redlatif\/?page_id=10"},"modified":"2015-01-14T11:27:09","modified_gmt":"2015-01-14T13:27:09","slug":"sobre","status":"publish","type":"page","link":"https:\/\/www.redlatif.org\/pt\/sobre\/","title":{"rendered":"Sobre"},"content":{"rendered":"<p><\/p>\n<h2>Oque \u00e9 RedLaTIF?<\/h2>\n<p>La Red Latinoamericana de Teledetecci\u00f3n e Incendios Forestales (RedLaTIF) \u00e9 uma rede regional que pretende unir esfor\u00e7os na observa\u00e7\u00e3o de campo e gest\u00e3o dos inc\u00eandios florestais em todos os pa\u00edses latino americanos. Esta rede est\u00e1 estritamente unida pelo programa\u00a0<a href=\"http:\/\/www.fao.org\/gtos\/gofc-gold\/\">Global Observations of Forest and Land Cover Dynamics<\/a>\u00a0(GOFC\/GOLD), que visa contribuir no cumprimento dos objetivos deste programa.<\/p>\n<h2>Objetivo da RedLaTIF<\/h2>\n<p>O objetivo primordial da RedLaTIF \u00e9 conseguir um melhor e maior coordena\u00e7\u00e3o, entre a comunidade latino americana, dos projetos relacionados a observa\u00e7\u00e3o e gest\u00e3o de inc\u00eandios florestais utilizando sensoriamento remoto e todas essas tecnologias geoespaciais cab\u00edveis.<\/p>\n<h2>Sistemas operacionais de detec\u00e7\u00e3o de inc\u00eandios<\/h2>\n<ul>\n<li><a href=\"http:\/\/incendios1.conabio.gob.mx\/\">CONABIO<\/a> &#8211; Comisi\u00f3n Nacional para el Conocimiento y Uso de la Biodiversidad<\/li>\n<li><a href=\"http:\/\/www.inpe.br\/queimadas\/\">INPE<\/a> &#8211; Instituto Nacional de Pesquisas Espaciais<\/li>\n<li><a href=\"http:\/\/inta.gob.ar\/\">INTA<\/a> &#8211; Instituto Nacional de Tecnolog\u00eda Agropecuaria<\/li>\n<li><a href=\"http:\/\/www.dpi.inpe.br\/proarco\/bdqueimadas\/\">Detecci\u00f3n de puntos de calor en Am\u00e9rica Latina<\/a> &#8211; INPE<\/li>\n<\/ul>\n<h2>Oque \u00e9\u00a0GOFC\/GOLD?<\/h2>\n<p>Global Observations of Forest and Land Cover Dynamics (GOFC\/GOLD) \u00e9 um projeto integrado dentro do programa\u00a0<a href=\"http:\/\/www.fao.org\/gtos\/\">Global Terrestrial Observing System<\/a>\u00a0(GTOS), o qual \u00e9 apoiado pelo Integrated Global Observing Strategy (IGOS). O principal objetivo do GOFC\/GOLD \u00e9 proporcionar um f\u00f3rum para troca de informa\u00e7\u00e3o internacional, observa\u00e7\u00e3o e coordena\u00e7\u00e3o dos dados, e estabelecer uma estrutura para monitorar sistemas de longo prazo.<\/p>\n<p>\u00a0<\/p>\n<p><\/p>","protected":false},"excerpt":{"rendered":"<p>Oque \u00e9 RedLaTIF? La Red Latinoamericana de Teledetecci\u00f3n e Incendios Forestales (RedLaTIF) \u00e9 uma rede regional que pretende unir esfor\u00e7os na observa\u00e7\u00e3o de campo e gest\u00e3o dos inc\u00eandios florestais em todos os pa\u00edses latino&#46;&#46;&#46;<\/p>\n","protected":false},"author":1,"featured_media":0,"parent":0,"menu_order":0,"comment_status":"open","ping_status":"closed","template":"","meta":{"ngg_post_thumbnail":0,"footnotes":""},"class_list":["post-10","page","type-page","status-publish","hentry"],"_links":{"self":[{"href":"https:\/\/www.redlatif.org\/pt\/wp-json\/wp\/v2\/pages\/10","targetHints":{"allow":["GET"]}}],"collection":[{"href":"https:\/\/www.redlatif.org\/pt\/wp-json\/wp\/v2\/pages"}],"about":[{"href":"https:\/\/www.redlatif.org\/pt\/wp-json\/wp\/v2\/types\/page"}],"author":[{"embeddable":true,"href":"https:\/\/www.redlatif.org\/pt\/wp-json\/wp\/v2\/users\/1"}],"replies":[{"embeddable":true,"href":"https:\/\/www.redlatif.org\/pt\/wp-json\/wp\/v2\/comments?post=10"}],"version-history":[{"count":23,"href":"https:\/\/www.redlatif.org\/pt\/wp-json\/wp\/v2\/pages\/10\/revisions"}],"predecessor-version":[{"id":722,"href":"https:\/\/www.redlatif.org\/pt\/wp-json\/wp\/v2\/pages\/10\/revisions\/722"}],"wp:attachment":[{"href":"https:\/\/www.redlatif.org\/pt\/wp-json\/wp\/v2\/media?parent=10"}],"curies":[{"name":"wp","href":"https:\/\/api.w.org\/{rel}","templated":true}]}}