{"id":14,"date":"2014-11-03T11:09:28","date_gmt":"2014-11-03T13:09:28","guid":{"rendered":"http:\/\/sirc.dgi.inpe.br\/redlatif\/?page_id=14"},"modified":"2016-08-25T19:06:02","modified_gmt":"2016-08-25T21:06:02","slug":"proyectos","status":"publish","type":"page","link":"https:\/\/www.redlatif.org\/pt\/proyectos\/","title":{"rendered":"Projetos"},"content":{"rendered":"<p><\/p>\n<h2>SERENA<\/h2>\n<h3>Rede Latino Americana de acompanhamento e estudo dos recursos naturais<\/h3>\n<p>Durante os \u00faltimos 40 anos, a Am\u00e9rica Latina tem sofrido um processo de transforma\u00e7\u00f5es ambientais sem precedentes na hist\u00f3ria. O desmatamento, os inc\u00eandios, a expans\u00e3o da agricultura, a transforma\u00e7\u00e3o clim\u00e1tica e a globaliza\u00e7\u00e3o da economia s\u00e3o alguns das principais causas.<\/p>\n<p>Para o estudo dessa transforma\u00e7\u00e3o global, requer informa\u00e7\u00f5es atualizadas e acess\u00edveis para supervisionar o estado do ecossistema, que vem desenvolvendo em diferentes pa\u00edses atrav\u00e9s de diferentes ferramentas e metodologias.<\/p>\n<p>P\u00e1gina web: <a href=\"http:\/\/www.proyectoserena.com.ar\/inicio\/inicio_es.html\" target=\"_blank\">http:\/\/www.proyectoserena.com.ar\/inicio\/inicio_es.html<\/a><\/p>\n<h2>AQL2004<\/h2>\n<h3>Mapeamento das \u00e1reas queimadas na Am\u00e9rica Latina durante o ano de 2004<\/h3>\n<p>O projeto AQL2004 obteve um mapeamento mensal das \u00e1reas queimadas de todo o continente, desde o M\u00e9xico at\u00e9 a Patag\u00f4nia, utilizando-se dos dados do sensor MODIS. O projeto esta organizado em 3 diferentes fases: (a) Adquirir e processar os dados obtidos do sat\u00e9lite; (b) a discrimina\u00e7\u00e3o dos pixeis queimados, e (c) a valida\u00e7\u00e3o dos resultados.<\/p>\n<p>Na primeira fase, os dados de entrada foram compostos por MODIS de 32 dias de 500 metros de resolu\u00e7\u00e3o gerados pelo o GLFC da Universidade de Maryland. A discrimina\u00e7\u00e3o das \u00e1reas queimadas foi abordada em duas etapas: primeiro a busca de &#8220;pixeis similares&#8221; e depois a fase de mapeamento. A fase de valida\u00e7\u00e3o foi baseada na analise visual das imagens Landsat e CBERS. O total de superf\u00edcie queimada durante todo o ano \u00e9 estimado em 153.215 quil\u00f4metros quadrados.<\/p>\n<p>CHUVIECO, E., OPAZO, S., SIONE, W., DEL VALLE, H., ANAYA, J., DI BELLA, C., CRUZ, I., MANZO, L., L\u00d3PEZ, G., MARI, N., GONZ\u00c1LEZ-ALONSO, F., MORELLI, F., SETZER, A., CSISZAR, I., KANPANDEGI, J. A., BASTARRIKA, A., y LIBONATI , R.: Global Burned Land Estimation in Latin America using MODIS Composite Data, Ecological Applications, vol. 18(1), 2008, pp. 64?79.<\/p>\n<p><a href=\"http:\/\/www.redlatif.org\/wp-content\/uploads\/2014\/11\/chuvieco_etal_2008a.pdf\" target=\"_blank\">Baixar artigo.<\/a><\/p>\n<h2>Mudan\u00e7a do uso da terra na bacia do Rio de la Plata: tend\u00eancias, condutores e impactos<\/h2>\n<p>\u00c0 medida que a demanda global por produtos agr\u00edcola cresce, seguindo o crescente n\u00famero e o consumo per-capita de seres humanos, a sociedade come\u00e7a a perceber que os mesmos ecossistemas terrestres que fornecem bens e receitas s\u00e3o muitas vezes a fonte de servi\u00e7os vitais, tais como o fornecimento de \u00e1gua doce ou a regula\u00e7\u00e3o dos gases atmosf\u00e9ricos e do clima. Como esses sinais sociais est\u00e3o mudando os padr\u00f5es de uso da terra em todo mundo? Quais s\u00e3o os dilemas e sinergias entre a produ\u00e7\u00e3o de mercadorias e a presta\u00e7\u00e3o de servi\u00e7os dos ecossistemas? Estas quest\u00f5es representam desafios urgentes e oportunidades \u00fanicas aos cientista de mudan\u00e7as globais, particularmente em uma regi\u00e3o como o da Bacia do Rio de la Plata, onde as maiores e mais produtivos sistemas agr\u00edcolas do continente est\u00e3o experimentando a expans\u00e3o mais r\u00e1pida da hist\u00f3ria. Nossos objetivos neste projetos s\u00e3o A. Caracterizar os padr\u00f5es e fatores de mudan\u00e7a no uso da terra. B. Avaliar as consequ\u00eancias das altera\u00e7\u00f5es do uso do solo. C. Explorar mudan\u00e7as de uso da terra feedbacks e cen\u00e1rios plaus\u00edveis. D. Pares de com\u00e9rcio e os interesses ambientais para o planejamento do uso da terra.<\/p>\n<p>P\u00e1gina web: <a href=\"http:\/\/platabasin.unsl.edu.ar\/\" target=\"_blank\">http:\/\/platabasin.unsl.edu.ar\/<\/a><\/p>\n<p>\u00a0<\/p>\n<p><\/p>","protected":false},"excerpt":{"rendered":"<p>SERENA Rede Latino Americana de acompanhamento e estudo dos recursos naturais Durante os \u00faltimos 40 anos, a Am\u00e9rica Latina tem sofrido um processo de transforma\u00e7\u00f5es ambientais sem precedentes na hist\u00f3ria. O desmatamento, os inc\u00eandios,&#46;&#46;&#46;<\/p>\n","protected":false},"author":1,"featured_media":0,"parent":0,"menu_order":0,"comment_status":"open","ping_status":"closed","template":"","meta":{"ngg_post_thumbnail":0,"footnotes":""},"class_list":["post-14","page","type-page","status-publish","hentry"],"_links":{"self":[{"href":"https:\/\/www.redlatif.org\/pt\/wp-json\/wp\/v2\/pages\/14","targetHints":{"allow":["GET"]}}],"collection":[{"href":"https:\/\/www.redlatif.org\/pt\/wp-json\/wp\/v2\/pages"}],"about":[{"href":"https:\/\/www.redlatif.org\/pt\/wp-json\/wp\/v2\/types\/page"}],"author":[{"embeddable":true,"href":"https:\/\/www.redlatif.org\/pt\/wp-json\/wp\/v2\/users\/1"}],"replies":[{"embeddable":true,"href":"https:\/\/www.redlatif.org\/pt\/wp-json\/wp\/v2\/comments?post=14"}],"version-history":[{"count":18,"href":"https:\/\/www.redlatif.org\/pt\/wp-json\/wp\/v2\/pages\/14\/revisions"}],"predecessor-version":[{"id":2005,"href":"https:\/\/www.redlatif.org\/pt\/wp-json\/wp\/v2\/pages\/14\/revisions\/2005"}],"wp:attachment":[{"href":"https:\/\/www.redlatif.org\/pt\/wp-json\/wp\/v2\/media?parent=14"}],"curies":[{"name":"wp","href":"https:\/\/api.w.org\/{rel}","templated":true}]}}