{"id":2281,"date":"2021-05-07T20:32:14","date_gmt":"2021-05-07T22:32:14","guid":{"rendered":"http:\/\/www.redlatif.org\/?page_id=2281"},"modified":"2021-05-07T20:32:16","modified_gmt":"2021-05-07T22:32:16","slug":"reunion-2017","status":"publish","type":"page","link":"https:\/\/www.redlatif.org\/pt\/reuniones\/reunion-2017\/","title":{"rendered":"Reuni\u00f3n 2017"},"content":{"rendered":"\n<h2><strong>Workshop sobre estimaci\u00f3n del \u00e1rea quemada en Am\u00e9rica Latina utilizando un entorno virtual colaborativo 2017<\/strong><\/h2>\n\n\n\n<p>Sobre la base de la reuni\u00f3n de RedLaTIF de 2015, se propone para este a\u00f1o llevar adelante un taller de tres d\u00edas de duraci\u00f3n con ejercicios pr\u00e1cticos ampliados durante los cuales los participantes puedan: (i) discutir\u00e1n m\u00e9todos alternativos de detecci\u00f3n de \u00e1rea quemada, por ejemplo: MIRBI (\u00cdndice de quema en el infrarrojo medio), GEMI (Global Environment Monitoring Index), BAIM (\u00cdndice de \u00e1rea quemada modificado), Y (ii) evaluar umbrales optimizados para minimizar los errores de comisi\u00f3n y omisi\u00f3n basados en informaci\u00f3n de incendios de referencia disponibles. Convocaremos a una lista diversa de expertos en incendios locales al taller, reconociendo su papel en la red, asegurando una representaci\u00f3n equilibrada en las distintas ecorregiones y atendiendo los desaf\u00edos asociados a la clasificaci\u00f3n de \u00e1reas quemadas. El taller servir\u00e1 para promover nuevos m\u00e9todos para generar informaci\u00f3n de incendios de referencia como el BAMS (Burned Area Mapping Software), la evaluaci\u00f3n de protocolos de validaci\u00f3n cruzada y la viabilidad de un producto de cartograf\u00eda de \u00e1reas quemadas en latinoam\u00e9rica que satisfaga los requisitos espec\u00edficos de los pa\u00edses que la conforman.<\/p>\n\n\n\n<p>Esta actividad resulta de un esfuerzo conjunto de RedLatif, (<a href=\"http:\/\/www.redlatif.org\/\" target=\"_blank\" rel=\"noreferrer noopener\">http:\/\/www.redlatif.org\/<\/a>), START (<a href=\"http:\/\/start.org\/\" target=\"_blank\" rel=\"noreferrer noopener\">http:\/\/start.org\/<\/a>) en apoyo a las actividades de GOFC-GOLD (<a href=\"http:\/\/start.org\/programs\/gofc-gold\" target=\"_blank\" rel=\"noreferrer noopener\">http:\/\/start.org\/programs\/gofc-gold<\/a>), y tambi\u00e9n de CONABIO (<a href=\"http:\/\/www.conabio.gob.mx\/\" target=\"_blank\" rel=\"noreferrer noopener\">http:\/\/www.conabio.gob.mx\/<\/a>).<\/p>\n\n\n\n<p><a href=\"http:\/\/redlatif.org\/wp-content\/uploads\/2015\/10\/redlatif_meeting_mexico_20170725.docx\">Descargar mas informaci\u00f3n (actualizado el 25\/07\/2017)<\/a><\/p>\n\n\n\n<p><a href=\"http:\/\/redlatif.org\/atividades\/reunion-2015\/presentaciones-reunion-2017-conabio-mexico\/\">Ver presentaciones realizadas (actualizado el 02\/11\/2017)<\/a><\/p>\n\n\n\n<h2>Presentaciones Reuni\u00f3n 2017 \/ CONABIO \u2013 M\u00e9xico<\/h2>\n\n\n\n<p><strong>Latin-American Network of Forest Fires (RedLaTIF) Regional Network.<\/strong><br \/>Present\u00f3: Jes\u00fas Anaya  <a href=\"http:\/\/redlatif.org\/wp-content\/uploads\/2014\/11\/PresentacionRedLaTIF_RegionalMeeting_20170822.pdf\">Ver la presentaci\u00f3n<\/a><\/p>\n\n\n\n<p><strong>An\u00e1lisis de la estructura del paisaje en incendios mediante teledetecci\u00f3n<\/strong><br \/>Present\u00f3: ALEXANDER ARIZA <a href=\"http:\/\/redlatif.org\/wp-content\/uploads\/2017\/11\/AlexanderAriza_CONABIO_MEXICO.pdf\">Ver la presentaci\u00f3n<\/a><\/p>\n\n\n\n<p><strong>Series anuales para la deteccion de \u00e1reas quemadas<\/strong><br \/>Present\u00f3: Armando Rodriguez Montellano <a href=\"http:\/\/redlatif.org\/wp-content\/uploads\/2017\/11\/Armando_Areas-QuemadasGEE.pdf\">Ver la presentaci\u00f3n<\/a><\/p>\n\n\n\n<p><strong>Inventario y An\u00e1lisis de \u00c1reas Quemadas en la Cuenca Pac\u00edfico Norte, M\u00e9xico para la Temporada 2011<\/strong><br \/>Present\u00f3: MC. Jos\u00e9 Carlos Beltr\u00e1n Gonz\u00e1lez <a href=\"http:\/\/redlatif.org\/wp-content\/uploads\/2017\/11\/CarlosBeltan_RedLaTIF-Mexico2017.pdf\">Ver la presentaci\u00f3n<\/a><\/p>\n\n\n\n<p><strong><em>Plataforma de Monitoreo, Analice y Alerta de Quemas y Incendios<\/em><\/strong><br \/>Present\u00f3: Fabiano Morelli <a href=\"http:\/\/redlatif.org\/wp-content\/uploads\/2017\/11\/FabianoMorelli_terrama2q_plataforma_datos_libres_inpe_20170801_es.pdf\">Ver la presentaci\u00f3n<\/a><\/p>\n\n\n\n<p><strong>International Partnership Programme Call 2 \u2013 Short Study<\/strong><br \/>Present\u00f3: Gerardo L\u00f3pez-Salda\u00f1a <a href=\"http:\/\/redlatif.org\/wp-content\/uploads\/2017\/11\/Gerardo_IPP_intro.pdf\">Ver la presentaci\u00f3n<\/a><\/p>\n\n\n\n<p><strong>\u00c1rea quemada y estimaci\u00f3n de emisiones GHG<\/strong><br \/>Present\u00f3: Germ\u00e1n Mauricio Valencia <a href=\"http:\/\/redlatif.org\/wp-content\/uploads\/2017\/11\/GermanValencia_CONABIO_MEXICO.pdf\">Ver la presentaci\u00f3n<\/a><\/p>\n\n\n\n<p><strong>Perspectiva Estacional de los Recursos Forrajeros del Noroeste de C\u00f3rdoba Informe 2. Enero a Marzo \u2013Oto\u00f1o- 2017.<\/strong><br \/>Present\u00f3: Nicol\u00e1s Mari <a href=\"http:\/\/redlatif.org\/wp-content\/uploads\/2017\/11\/INTA_Informe_2_Enero_a_Marzo_2017-final.pdf\">Ver la presentaci\u00f3n<\/a><\/p>\n\n\n\n<p><strong>Sistema de alerta temprana de incendios forestales<\/strong><br \/>Present\u00f3: Mar\u00eda Isabel Cruz L\u00f3pez <a href=\"http:\/\/redlatif.org\/wp-content\/uploads\/2017\/11\/IsabelCruz_SistemaAlertaTemprana_2017.pdf\">Ver la presentaci\u00f3n<\/a><\/p>\n\n\n\n<p><strong>Time series of Landsat images to determine burned area<\/strong><br \/>Present\u00f3: Jesus Anaya <a href=\"http:\/\/redlatif.org\/wp-content\/uploads\/2017\/11\/JANAYA_RedLaTIF_BA_20170801.pdf\">Ver la presentaci\u00f3n<\/a><\/p>\n\n\n\n<p><strong>Incendios en el contexto de la Ecolog\u00eda<\/strong><br \/>Present\u00f3: John Gajardo <a href=\"http:\/\/redlatif.org\/wp-content\/uploads\/2017\/11\/JohnGajardo_Taller_MEXICO_CHILE-1.pdf\">Ver la presentaci\u00f3n<\/a><\/p>\n\n\n\n<p><strong>Incendios en \u00e1reas protegidas de M\u00e9xico, casos de estudio: Reserva de la Biosfera Montes Azules, Chiapas (avances) \u00c1rea de Protecci\u00f3n de Flora y Fauna Tutuaca, Chihuahua<\/strong><br \/>Present\u00f3: Lilia de Lourdes Manzo Delgado <a href=\"http:\/\/redlatif.org\/wp-content\/uploads\/2017\/11\/LiliaManzo_Incendios-en-areas-protegidas2017.pdf\">Ver la presentaci\u00f3n<\/a><\/p>\n\n\n\n<p><strong>Incendios en C\u00f3rdoba: una historia de fuego<\/strong><br \/>Present\u00f3: Nicol\u00e1s Mari <a href=\"http:\/\/redlatif.org\/wp-content\/uploads\/2017\/11\/NicolasMari_Redlatif_meeting_Mexico_2017.pdf\">Ver la presentaci\u00f3n<\/a><\/p>\n\n\n\n<p><strong>S-NPP\/VIIRS, Landsat-8\/OLI, and Sentinel-2\/MSI Global Active Fire Data Sets<\/strong><br \/>Present\u00f3: Wilfrid Schroeder <a href=\"http:\/\/redlatif.org\/wp-content\/uploads\/2017\/11\/Schroeder_RedLaTIF-1.pdf\">Ver la presentaci\u00f3n<\/a><\/p>\n\n\n\n<p><strong>Landsat-8 Reference Data Acquired During 04-15 March Matching ABI Fire Data to within 5-min<\/strong><br \/>Present\u00f3: Wilfrid Schroeder <a href=\"http:\/\/redlatif.org\/wp-content\/uploads\/2017\/11\/Summary_GOESR-1.pdf\">Ver la presentaci\u00f3n<\/a><\/p>\n\n\n\n<p><strong>Estudio de la Din\u00e1mica del fuego en ambiente de humedales<\/strong><br \/>Present\u00f3: Walter Sione <a href=\"http:\/\/redlatif.org\/wp-content\/uploads\/2017\/11\/WalterSione_presentacion.pdf\">Ver la presentaci\u00f3n<\/a><\/p>\n\n\n\n<p><strong>WILDFIRE 2019<\/strong><br \/>Present\u00f3: Fabiano Morelli <a href=\"http:\/\/redlatif.org\/wp-content\/uploads\/2017\/11\/Wildfire2019.pdf\">Ver la presentaci\u00f3n<\/a><\/p>\n","protected":false},"excerpt":{"rendered":"<p>Workshop sobre estimaci\u00f3n del \u00e1rea quemada en Am\u00e9rica Latina utilizando un entorno virtual colaborativo 2017 Sobre la base de la reuni\u00f3n de RedLaTIF de 2015, se propone para este a\u00f1o llevar adelante un taller&#46;&#46;&#46;<\/p>\n","protected":false},"author":29,"featured_media":0,"parent":2225,"menu_order":1,"comment_status":"closed","ping_status":"closed","template":"","meta":{"ngg_post_thumbnail":0},"_links":{"self":[{"href":"https:\/\/www.redlatif.org\/pt\/wp-json\/wp\/v2\/pages\/2281"}],"collection":[{"href":"https:\/\/www.redlatif.org\/pt\/wp-json\/wp\/v2\/pages"}],"about":[{"href":"https:\/\/www.redlatif.org\/pt\/wp-json\/wp\/v2\/types\/page"}],"author":[{"embeddable":true,"href":"https:\/\/www.redlatif.org\/pt\/wp-json\/wp\/v2\/users\/29"}],"replies":[{"embeddable":true,"href":"https:\/\/www.redlatif.org\/pt\/wp-json\/wp\/v2\/comments?post=2281"}],"version-history":[{"count":1,"href":"https:\/\/www.redlatif.org\/pt\/wp-json\/wp\/v2\/pages\/2281\/revisions"}],"predecessor-version":[{"id":2282,"href":"https:\/\/www.redlatif.org\/pt\/wp-json\/wp\/v2\/pages\/2281\/revisions\/2282"}],"up":[{"embeddable":true,"href":"https:\/\/www.redlatif.org\/pt\/wp-json\/wp\/v2\/pages\/2225"}],"wp:attachment":[{"href":"https:\/\/www.redlatif.org\/pt\/wp-json\/wp\/v2\/media?parent=2281"}],"curies":[{"name":"wp","href":"https:\/\/api.w.org\/{rel}","templated":true}]}}