{"id":2299,"date":"2021-05-08T17:19:47","date_gmt":"2021-05-08T19:19:47","guid":{"rendered":"http:\/\/www.redlatif.org\/?page_id=2299"},"modified":"2021-05-08T17:20:40","modified_gmt":"2021-05-08T19:20:40","slug":"reunion-2018","status":"publish","type":"page","link":"https:\/\/www.redlatif.org\/pt\/reuniones\/reunion-2018\/","title":{"rendered":"Reuni\u00f3n 2018"},"content":{"rendered":"\n<h2 class=\"wp-block-heading\"><strong>Reuni\u00f3n de la red en NOAA, primera semana de octubre 2018.<\/strong><\/h2>\n\n\n\n<p>Con el fin de conocer los nuevos avances en detecci\u00f3n de anomal\u00edas t\u00e9rmicas con VIIRS, las detecciones con sat\u00e9lites geoestacionarios y la evaluaci\u00f3n del modelo GEE utilizando series de tiempo.&nbsp; Descargue <a href=\"http:\/\/www.redlatif.org\/wp-content\/uploads\/2015\/10\/RedLaTIF_Agenda_20180921.pdf\">AQU\u00cd<\/a> el programa completo.<\/p>\n\n\n\n<p>Para hacer frente a la gran representaci\u00f3n geogr\u00e1fica, los miembros de RedLaTIF comenzaron Actividades de redes en la nube durante el taller 2015 de la red en Sao Jose dos Campos \/ Brasil Uso del entorno virtual colaborativo (CVE), que permite compartir el c\u00f3digo y la experiencia dentro de un marco com\u00fan. Google fue la plataforma elegida, incluido Google Earth Engine (GEE), como medio para compartir c\u00f3digo y explorar datos de sensores remotos desde la nube. La iniciativa continu\u00f3 a trav\u00e9s del intercambio en l\u00ednea y fue el tema principal del taller de la red de 2017. en la ciudad de M\u00e9xico. Resultados preliminares del taller de 2017 en La Ciudad de M\u00e9xico incluy\u00f3 un manuscrito cient\u00edfico, que fue publicado en Revista de Teledetecci\u00f3n.<\/p>\n\n\n\n<h3 class=\"wp-block-heading\">Burned area detection based on time-series analysis in a cloud computing environment<\/h3>\n\n\n\n<p><img decoding=\"async\" src=\"https:\/\/polipapers.upv.es\/public\/SimilitaryCheck_art.png\"\/><em>J.A. Anaya, W.F. Sione, A.M. Rodriguez-Montellano<\/em><img decoding=\"async\" src=\"https:\/\/polipapers.upv.es\/images\/file-pdf.png\"\/><a href=\"https:\/\/polipapers.upv.es\/index.php\/raet\/article\/view\/8618\/10317\">PDF<\/a> DOI: <a href=\"https:\/\/doi.org\/10.4995\/raet.2018.8618\">https:\/\/doi.org\/10.4995\/raet.2018.8618<\/a><\/p>\n\n\n\n<figure class=\"wp-block-embed\"><div class=\"wp-block-embed__wrapper\">\nhttps:\/\/doi.org\/10.4995\/raet.2018.8618\n<\/div><\/figure>\n","protected":false},"excerpt":{"rendered":"<p>Reuni\u00f3n de la red en NOAA, primera semana de octubre 2018. Con el fin de conocer los nuevos avances en detecci\u00f3n de anomal\u00edas t\u00e9rmicas con VIIRS, las detecciones con sat\u00e9lites geoestacionarios y la evaluaci\u00f3n&#46;&#46;&#46;<\/p>\n","protected":false},"author":29,"featured_media":0,"parent":2225,"menu_order":2,"comment_status":"closed","ping_status":"closed","template":"","meta":{"ngg_post_thumbnail":0,"footnotes":""},"class_list":["post-2299","page","type-page","status-publish","hentry"],"_links":{"self":[{"href":"https:\/\/www.redlatif.org\/pt\/wp-json\/wp\/v2\/pages\/2299","targetHints":{"allow":["GET"]}}],"collection":[{"href":"https:\/\/www.redlatif.org\/pt\/wp-json\/wp\/v2\/pages"}],"about":[{"href":"https:\/\/www.redlatif.org\/pt\/wp-json\/wp\/v2\/types\/page"}],"author":[{"embeddable":true,"href":"https:\/\/www.redlatif.org\/pt\/wp-json\/wp\/v2\/users\/29"}],"replies":[{"embeddable":true,"href":"https:\/\/www.redlatif.org\/pt\/wp-json\/wp\/v2\/comments?post=2299"}],"version-history":[{"count":2,"href":"https:\/\/www.redlatif.org\/pt\/wp-json\/wp\/v2\/pages\/2299\/revisions"}],"predecessor-version":[{"id":2301,"href":"https:\/\/www.redlatif.org\/pt\/wp-json\/wp\/v2\/pages\/2299\/revisions\/2301"}],"up":[{"embeddable":true,"href":"https:\/\/www.redlatif.org\/pt\/wp-json\/wp\/v2\/pages\/2225"}],"wp:attachment":[{"href":"https:\/\/www.redlatif.org\/pt\/wp-json\/wp\/v2\/media?parent=2299"}],"curies":[{"name":"wp","href":"https:\/\/api.w.org\/{rel}","templated":true}]}}