{"id":2313,"date":"2021-05-08T19:04:38","date_gmt":"2021-05-08T21:04:38","guid":{"rendered":"http:\/\/www.redlatif.org\/?page_id=2313"},"modified":"2021-05-08T19:04:39","modified_gmt":"2021-05-08T21:04:39","slug":"webinar","status":"publish","type":"page","link":"https:\/\/www.redlatif.org\/pt\/webinar\/","title":{"rendered":"Webinar"},"content":{"rendered":"\n<h4 class=\"wp-block-heading\"><strong>&#8220;Avances en el desarrollo e implementaci\u00f3n de instrumentos metodol\u00f3gicos para el an\u00e1lisis de incendios a trav\u00e9s de teledetecci\u00f3n en Colombia y Argentina&#8221;.<\/strong><\/h4>\n\n\n\n<p>?<strong>Alexander Ariza Ph<\/strong>D, Jefe de la Oficina de Investigaci\u00f3n y Desarrollo en Informaci\u00f3n Geogr\u00e1fica CIAF del Instituto Geogr\u00e1fico Agust\u00edn Codazzi de Colombia.<\/p>\n\n\n\n<iframe loading=\"lazy\" width=\"560\" height=\"315\" src=\"https:\/\/www.youtube.com\/embed\/8BaUnFu2NSM?controls=0\" title=\"YouTube video player\" frameborder=\"0\" allow=\"accelerometer; autoplay; clipboard-write; encrypted-media; gyroscope; picture-in-picture\" allowfullscreen><\/iframe>\n\n\n\n<h4 class=\"wp-block-heading\"><strong>Sistema Consolidado para la Detecci\u00f3n y el Monitoreo de Incendios (Consolidated Fire Detection and Monitoring System), WildFireSat <\/strong><\/h4>\n\n\n\n<p>?<strong>Sonja Kosuta, PhD <\/strong>Director, Forest Ecology Division Great Lakes Forestry Centre Natural Resources Canada?<\/p>\n\n\n\n<iframe loading=\"lazy\" width=\"560\" height=\"315\" src=\"https:\/\/www.youtube.com\/embed\/xcbVG00sRDE?controls=0\" title=\"YouTube video player\" frameborder=\"0\" allow=\"accelerometer; autoplay; clipboard-write; encrypted-media; gyroscope; picture-in-picture\" allowfullscreen><\/iframe>\n\n\n\n<h4 class=\"wp-block-heading\"><strong>Descripci\u00f3n Cartograf\u00eda global de \u00e1reas quemadas mediante teledetecci\u00f3n: fortalezas y limitaciones.<\/strong><\/h4>\n\n\n\n<p>?<strong>Prof. Emilio Chuvieco<\/strong> Department of Geology, Geography and the Environment University of Alcala.<\/p>\n\n\n\n<iframe loading=\"lazy\" width=\"560\" height=\"315\" src=\"https:\/\/www.youtube.com\/embed\/lFJbAXmKz4Q?controls=0\" title=\"YouTube video player\" frameborder=\"0\" allow=\"accelerometer; autoplay; clipboard-write; encrypted-media; gyroscope; picture-in-picture\" allowfullscreen><\/iframe>\n\n\n\n<h4 class=\"wp-block-heading\">Avances y desaf\u00edos para el monitoreo de la degradaci\u00f3n Forestal: Un Abordaje para la Pan-Amazonia. <\/h4>\n\n\n\n<p>?<strong> Carlos Souza Jr.<\/strong> Investigador Senior IMAZON <a rel=\"noreferrer noopener\" href=\"https:\/\/www.youtube.com\/redirect?event=video_description&amp;redir_token=QUFFLUhqbUgwQWlLYXZWRkZod0NSMk9sNk9KVC1aNk4zd3xBQ3Jtc0tuR045LVNjQ01MVlRwQS1OLU1GYVFkX3g3dmVPYTA5dE9DNS11UGdXdmU4enJ5QmxSTmxhODdvbDl3UUZqa19IOE5fSzRNMzdDMlNvM0wyZUU4NUwxSng5QzBmVzJXbllpMHk2SDd0WUFhUmhyRG9xdw&amp;q=https%3A%2F%2Fimazon.org.br%2F\" target=\"_blank\">https:\/\/imazon.org.br\/<\/a><\/p>\n\n\n\n<iframe loading=\"lazy\" width=\"560\" height=\"315\" src=\"https:\/\/www.youtube.com\/embed\/rls6aYZMb5g?controls=0\" title=\"YouTube video player\" frameborder=\"0\" allow=\"accelerometer; autoplay; clipboard-write; encrypted-media; gyroscope; picture-in-picture\" allowfullscreen><\/iframe>\n\n\n\n<h4 class=\"wp-block-heading\"> ??????????\u00f3? ? ????????? ? ????????? ??????????? ?? \u00fa????? ????????\u00f3? ???? ?? ????????? ?? ????????? ??????????<\/h4>\n\n\n\n<p>? ????????? ?????, Servicios Satelitales de \u00faltima Generaci\u00f3n Monitoreo de Incendios Forestales<\/p>\n\n\n\n<iframe loading=\"lazy\" width=\"560\" height=\"315\" src=\"https:\/\/www.youtube.com\/embed\/Ad-lMDamch8?controls=0\" title=\"YouTube video player\" frameborder=\"0\" allow=\"accelerometer; autoplay; clipboard-write; encrypted-media; gyroscope; picture-in-picture\" allowfullscreen><\/iframe>\n\n\n\n<h4 class=\"wp-block-heading\"><strong>Tools for Analyzing Times Series of Satellite Images &#8211; TATSSI<\/strong><\/h4>\n\n\n\n<p>? ??. ????? ?????????? Consejo Nacional de Ciencia y Tecnolog\u00eda (CONACYT) asignado a la Comisi\u00f3n Nacional para el conocimiento y Uso de la Biodiversidad (CONABIO) <\/p>\n\n\n\n<p>? ??????? ?\u00f3??? ?????\u00f1? Comisi\u00f3n Nacional para el Conocimiento y Uso de la Biodiversidad (CONABIO) Assimila Ltd. Cient\u00edfico en aplicaciones de observaci\u00f3n de la Tierra.<\/p>\n\n\n\n<iframe loading=\"lazy\" width=\"560\" height=\"315\" src=\"https:\/\/www.youtube.com\/embed\/r9rMjjKiC1s?start=51\" title=\"YouTube video player\" frameborder=\"0\" allow=\"accelerometer; autoplay; clipboard-write; encrypted-media; gyroscope; picture-in-picture\" allowfullscreen><\/iframe>\n\n\n\n<h4 class=\"wp-block-heading\">Situaci\u00f3n de Incendios Forestales en Sudam\u00e9rica herramientas de monitoreo<\/h4>\n\n\n\n<p>? ??. <strong>Fabiano Morelli <\/strong>Tecn\u00f3logo Senior e Investigador del programa Quemas del Instituto Nacional de Pesquisa Espaciales del Brasil &#8211; (INPE)<\/p>\n\n\n\n<iframe loading=\"lazy\" width=\"560\" height=\"315\" src=\"https:\/\/www.youtube.com\/embed\/unAdCXzpDTk?controls=0\" title=\"YouTube video player\" frameborder=\"0\" allow=\"accelerometer; autoplay; clipboard-write; encrypted-media; gyroscope; picture-in-picture\" allowfullscreen><\/iframe>\n","protected":false},"excerpt":{"rendered":"<p>&#8220;Avances en el desarrollo e implementaci\u00f3n de instrumentos metodol\u00f3gicos para el an\u00e1lisis de incendios a trav\u00e9s de teledetecci\u00f3n en Colombia y Argentina&#8221;. ?Alexander Ariza PhD, Jefe de la Oficina de Investigaci\u00f3n y Desarrollo en&#46;&#46;&#46;<\/p>\n","protected":false},"author":29,"featured_media":0,"parent":0,"menu_order":0,"comment_status":"closed","ping_status":"closed","template":"","meta":{"ngg_post_thumbnail":0,"footnotes":""},"class_list":["post-2313","page","type-page","status-publish","hentry"],"_links":{"self":[{"href":"https:\/\/www.redlatif.org\/pt\/wp-json\/wp\/v2\/pages\/2313","targetHints":{"allow":["GET"]}}],"collection":[{"href":"https:\/\/www.redlatif.org\/pt\/wp-json\/wp\/v2\/pages"}],"about":[{"href":"https:\/\/www.redlatif.org\/pt\/wp-json\/wp\/v2\/types\/page"}],"author":[{"embeddable":true,"href":"https:\/\/www.redlatif.org\/pt\/wp-json\/wp\/v2\/users\/29"}],"replies":[{"embeddable":true,"href":"https:\/\/www.redlatif.org\/pt\/wp-json\/wp\/v2\/comments?post=2313"}],"version-history":[{"count":2,"href":"https:\/\/www.redlatif.org\/pt\/wp-json\/wp\/v2\/pages\/2313\/revisions"}],"predecessor-version":[{"id":2316,"href":"https:\/\/www.redlatif.org\/pt\/wp-json\/wp\/v2\/pages\/2313\/revisions\/2316"}],"wp:attachment":[{"href":"https:\/\/www.redlatif.org\/pt\/wp-json\/wp\/v2\/media?parent=2313"}],"curies":[{"name":"wp","href":"https:\/\/api.w.org\/{rel}","templated":true}]}}