{"id":2332,"date":"2021-05-12T20:36:17","date_gmt":"2021-05-12T22:36:17","guid":{"rendered":"http:\/\/www.redlatif.org\/?page_id=2332"},"modified":"2022-11-04T17:57:58","modified_gmt":"2022-11-04T21:57:58","slug":"cursos","status":"publish","type":"page","link":"https:\/\/www.redlatif.org\/pt\/cursos\/","title":{"rendered":"Cursos"},"content":{"rendered":"<h2 class=\"wp-block-heading\"><strong>Gesti\u00f3n de Incendios Forestales Mediante el Uso de la Plataforma Google Earth Engine<\/strong><\/h2>\r\n\r\n\r\n\r\n<p><strong><em>Pr\u00f3xima versi\u00f3n Julio &#8211; 2021<\/em><\/strong><\/p>\r\n\r\n\r\n\r\n<figure class=\"wp-block-image\"><a href=\"http:\/\/incendios.fan-bo.org\/Satrifo\/wp-content\/uploads\/2020\/12\/taller-del-instituto.png\"><img decoding=\"async\" src=\"http:\/\/incendios.fan-bo.org\/Satrifo\/wp-content\/uploads\/2020\/12\/taller-del-instituto-1024x507.png\" alt=\"taller-del-instituto\" class=\"wp-image-4022\"\/><\/a><\/figure>\r\n\r\n\r\n\r\n<h3 class=\"wp-block-heading\"><strong>Taller<\/strong><\/h3>\r\n\r\n\r\n\r\n<h4 class=\"wp-block-heading\"><strong>Gesti\u00f3n de Incendios Forestales Mediante el Uso de la<\/strong> <strong>Plataforma Google Earth Engine (GEE)<\/strong><\/h4>\r\n\r\n\r\n\r\n<figure class=\"wp-block-image\"><a href=\"http:\/\/incendios.fan-bo.org\/Satrifo\/wp-content\/uploads\/2020\/12\/unnamed-12.png\"><img decoding=\"async\" src=\"http:\/\/incendios.fan-bo.org\/Satrifo\/wp-content\/uploads\/2020\/12\/unnamed-12-1024x114.png\" alt=\"unnamed (12)\" class=\"wp-image-4023\"\/><\/a><\/figure>\r\n\r\n\r\n\r\n<p>Con el af\u00e1n de promover el desarrollo de capacidades t\u00e9cnicas y cient\u00edficas relacionadas al monitoreo de incendios forestales la&nbsp;<a href=\"http:\/\/www.fan-bo.org\/\" target=\"_blank\" rel=\"noreferrer noopener\">Fundaci\u00f3n Amigos de la Naturaleza (FAN)<\/a>, la&nbsp;<a href=\"https:\/\/www.gob.mx\/conabio\" target=\"_blank\" rel=\"noreferrer noopener\">Comisi\u00f3n Nacional para el Conocimiento y Uso de la Biodiversidad (CONABIO)<\/a>, el&nbsp;<a href=\"http:\/\/inpe.br\/\" target=\"_blank\" rel=\"noreferrer noopener\">Instituto Nacional de Pesquisas Espaciales del Brasil (INPE)<\/a>&nbsp;y la&nbsp;<a href=\"https:\/\/un-spider.org\/\" target=\"_blank\" rel=\"noreferrer noopener\">Plataforma de las Naciones Unidas de informaci\u00f3n obtenida desde el espacio para la gesti\u00f3n de desastres y la respuesta de emergencia \u2013 (ONU-SPIDER)&nbsp;<\/a>en el marco del la&nbsp;<a href=\"http:\/\/www.redlatif.org\/es\/\" target=\"_blank\" rel=\"noreferrer noopener\">Red Latinoamericana de Teledetecci\u00f3n e Incendios Forestales (RedLATIF)<\/a>&nbsp;tiene el agrado de invitar a profesionales y t\u00e9cnicos con experiencia en el \u00e1rea de la geom\u00e1tica que quieran perfeccionarse en el uso general de la plataforma Google Earth Engine, como herramienta en la gesti\u00f3n integral de los incendios forestales en Latinoam\u00e9rica. Este curso taller est\u00e1 avalado por el<a href=\"https:\/\/ig.conae.unc.edu.ar\/taller-gestion-de-incendios-forestales-mediante-el-uso-de-la-plataforma-google-earth-engine-gee\/\" target=\"_blank\" rel=\"noreferrer noopener\">&nbsp;Instituto de altos estudios espaciales \u201cMario Gulich\u201d<\/a>&nbsp;Comisi\u00f3n Nacional de Actividades Espaciales (CONAE).<\/p>\r\n\r\n\r\n\r\n<figure class=\"wp-block-image\"><a href=\"http:\/\/incendios.fan-bo.org\/Satrifo\/wp-content\/uploads\/2020\/12\/taller8.png\"><img decoding=\"async\" src=\"http:\/\/incendios.fan-bo.org\/Satrifo\/wp-content\/uploads\/2020\/12\/taller8-1024x115.png\" alt=\"taller8\" class=\"wp-image-4024\"\/><\/a><\/figure>\r\n\r\n\r\n\r\n<h4 class=\"wp-block-heading\"><strong>Objetivos del Taller:<\/strong><\/h4>\r\n\r\n\r\n\r\n<ul class=\"wp-block-list\"><li>Manejar y analizar los diferentes datos vectoriales, r\u00e1ster disponibles en GEE (Colecciones, Datasets, Features, etc.).<\/li><li>Comprender el contexto e impacto de los incendios forestales en Latinoam\u00e9rica.<\/li><li>Impartir conceptos b\u00e1sicos para detecci\u00f3n de \u00e1reas quemadas, as\u00ed como los diferentes productos disponibles.<\/li><li>Comprender la informaci\u00f3n suministrada a partir de los focos de calor.<\/li><li>Implementar las metodolog\u00edas disponibles para el mapeo de la severidad en incendios forestales.<\/li><\/ul>\r\n\r\n\r\n\r\n<h4 class=\"wp-block-heading\"><strong>Programa tem\u00e1tico<\/strong><\/h4>\r\n\r\n\r\n\r\n<p><strong>Unidad 1:&nbsp;<em>Introducci\u00f3n a la Gesti\u00f3n de Incendios Forestales.<\/em><\/strong>Introducci\u00f3n a los incendios forestales. Contexto de los incendios forestales en Latinoam\u00e9rica. Programas e iniciativas regionales para la gesti\u00f3n de incendios forestales.<br \/>Fundamentos para el seguimiento y estudio de los incendios forestales mediante teledetecci\u00f3n y SIG. Ciclo de ocurrencia de incendios (Pre \u2013 Durante \u2013 Post)<\/p>\r\n\r\n\r\n\r\n<p><strong>Unidad 2:&nbsp;<em>Fundamentos de la plataforma GEE<\/em>.<\/strong>&nbsp;Introducci\u00f3n y generalidades. \u00bfQu\u00e9 es Google Earth Engine?. M\u00e9todos de procesamiento de im\u00e1genes. Climate engine. Collect earth. Exploraci\u00f3n de la interfaz Earth Engine. Registrarse en la plataforma. Explorer Workspace. Colecci\u00f3n de datos Google Earth Engine. Cat\u00e1logo de datos Earth Engine. Uso de Javascript en GEE. Uso de variables. Par\u00e1metros layers. Leer y visualizar datos r\u00e1ster multibanda. Construir una colecci\u00f3n de im\u00e1genes. Visualizar datos vectoriales. Creaci\u00f3n de directorios en GEE. Operaciones b\u00e1sicas en Google Earth Engine (GEE).<\/p>\r\n\r\n\r\n\r\n<p><strong>Unidad 3:&nbsp;<em>Peligro y riesgo de incendios.<\/em><\/strong>&nbsp;Teor\u00eda e informaci\u00f3n disponible del INPE. Informaci\u00f3n disponible en otros sistemas (Latinoam\u00e9rica). Ejercicio crea un reporte de peligro de su \u00e1rea de inter\u00e9s. Aplicaci\u00f3n de \u00edndices en GEE.<\/p>\r\n\r\n\r\n\r\n<p><strong>Unidad 4:&nbsp;<em>Monitoreo de incendios forestales (Durante \u2013 fuegos activos).<\/em>&nbsp;<\/strong>&nbsp;&nbsp;Teor\u00eda (AVHRR, MODIS, VIIRS, ABI-GOES, METEOSAT, METOP). Sistema del INPE \u2013 Brasil. Sistema de alerta temprana de incendios en M\u00e9xico y Centroam\u00e9rica. Sistema de Monitoreo de Alerta temprana de Riesgo de Incendios Forestales (SATRIFO) -Bolivia. Ejercicio crear un reporte de la situaci\u00f3n actual de los puntos de calor en su \u00e1rea de inter\u00e9s.<\/p>\r\n\r\n\r\n\r\n<p><strong>Unidad 5.&nbsp;<em>Cartograf\u00eda de \u00e1reas quemadas<\/em><\/strong><em>:<\/em>&nbsp; Cartograf\u00eda de \u00e1reas quemadas. Productos Globales (MCD64A1, Fire_CCI 5.2). Clasificaci\u00f3n de \u00e1reas quemadas Random Forest, SVM KNN. Severidad de \u00e1rea quemadas \u2013 NBR, NDVI, CBI. Estad\u00edsticas, Edici\u00f3n y exportaci\u00f3n de datos de severidad.<\/p>\r\n\r\n\r\n\r\n<p><strong>Unidad 6:\u00a0<em>Proyecto final aplicado.<\/em>\u00a0<\/strong>En la \u00faltima sesi\u00f3n los estudiantes desarrollar\u00e1n un proyecto, donde se pone en pr\u00e1ctica lo aprendido en el curso. Los resultados del proyecto final ser\u00e1n presentados ante los profesores y participantes del curso. En esta actividad integradora se busca que el proceso de resoluci\u00f3n de un problema determinado sea trabajando en equipo, generando un producto sencillo, que se respalde en las herramientas aprendidas. Utilizando las gu\u00edas te\u00f3ricas, los pr\u00e1cticos, los audiovisuales, los alumnos deber\u00e1n plantearse una pregunta y van a generar un producto que sea el eje de las respuestas a esa problem\u00e1tica.<\/p>\r\n\r\n\r\n\r\n<div class=\"wp-block-buttons is-layout-flex wp-block-buttons-is-layout-flex\">\r\n<div class=\"wp-block-button\"><a class=\"wp-block-button__link has-vivid-red-background-color has-background\" href=\"https:\/\/ig.conae.unc.edu.ar\/taller-gestion-de-incendios-forestales-mediante-el-uso-de-la-plataforma-google-earth-engine-gee\/\" target=\"_blank\" rel=\"noreferrer noopener\">Registro<\/a><\/div>\r\n<\/div>\r\n\r\n\r\n\r\n<h3 class=\"wp-block-heading\">Presentaci\u00f3n de trabajos integradores finales, participantes del Taller \u201cGesti\u00f3n de Incendios Forestales Mediante el Uso de la Plataforma Google Earth Engine.<\/h3>\r\n\r\n\r\n\r\n<p><strong>EN VIVO \u2013 Viernes 12 de marzo 2021 \u2013 13:00 hrs Bolivia (link Youtube, abajo)<\/strong><\/p>\r\n\r\n\r\n\r\n<p><a rel=\"noreferrer noopener\" href=\"http:\/\/www.redlatif.org\/\" target=\"_blank\">Red Latinoamericana de Teledetecci\u00f3n e Incendios Forestales (RedLaTIF)\u00a0<\/a>Comparti\u00f3 la experiencia pr\u00e1ctica del uso de esta herramientas de procesamiento en la nube enfocado al monitoreo y la gesti\u00f3n de los incendios forestales.<\/p>\r\n\r\n\r\n\r\n<p>El taller estuvo dirigido a profesionales y t\u00e9cnicos con experiencia en el \u00e1rea de la geom\u00e1tica y en gesti\u00f3n de incendios forestales. La finalidad de este taller fue mostrar las potencialidades y compartir la experiencia de campo en el uso de la plataforma Google Earth Engine, como herramienta en la gesti\u00f3n integral de los incendios forestales en Latinoam\u00e9rica.&nbsp;&nbsp;<\/p>\r\n\r\n\r\n\r\n<p>Participaron 125 profesionales de varios pa\u00edses que se pueden revisar en el mapa de participantes (abajo).<\/p>\r\n\r\n\r\n\r\n<div class=\"padlet-embed\" style=\"border:1px solid rgba(0,0,0,0.1);border-radius:2px;box-sizing:border-box;overflow:hidden;position:relative;width:100%;background:#F4F4F4\"><p style=\"padding:0;margin:0\"><iframe src=\"https:\/\/padlet.com\/embed\/ujsthuwh7qe84vg1\" frameborder=\"0\" allow=\"camera;microphone;geolocation\" style=\"width:100%;height:608px;display:block;padding:0;margin:0\"><\/iframe><\/p><div style=\"padding:8px;text-align:right;margin:0;\"><a href=\"https:\/\/padlet.com?ref=embed\" style=\"padding:0;margin:0;border:none;display:block;line-height:1;height:16px\" target=\"_blank\" rel=\"noopener\"><img loading=\"lazy\" decoding=\"async\" src=\"https:\/\/padlet.net\/embeds\/made_with_padlet.png\" width=\"86\" height=\"16\" style=\"padding:0;margin:0;background:none;border:none;display:inline;box-shadow:none\" alt=\"Hecho con Padlet\"\/><\/a><\/div><\/div>\r\n\r\n\r\n\r\n<p>Se presentan los trabajos m\u00e1s destacados de nuestros alumnos en esta versi\u00f3n del taller. En una sesion en vivo el 12 de marzo del 2021 por el canal de youtube del&nbsp;<a href=\"https:\/\/ig.conae.unc.edu.ar\/\" target=\"_blank\" rel=\"noreferrer noopener\">Instituto de Altos Estudios Espaciales \u201cMario&nbsp; Gulich\u201d<\/a>&nbsp;que fue nuestro socio para la organizaci\u00f3n acad\u00e9mica.<\/p>\r\n\r\n\r\n\r\n<p><\/p>\r\n\r\n\r\n\r\n<iframe loading=\"lazy\" width=\"560\" height=\"315\" src=\"https:\/\/www.youtube.com\/embed\/xvP6MzS1E3I?controls=0\" title=\"YouTube video player\" frameborder=\"0\" allow=\"accelerometer; autoplay; clipboard-write; encrypted-media; gyroscope; picture-in-picture\" allowfullscreen><\/iframe>","protected":false},"excerpt":{"rendered":"<p>Gesti\u00f3n de Incendios Forestales Mediante el Uso de la Plataforma Google Earth Engine Pr\u00f3xima versi\u00f3n Julio &#8211; 2021 Taller Gesti\u00f3n de Incendios Forestales Mediante el Uso de la Plataforma Google Earth Engine (GEE) Con&#46;&#46;&#46;<\/p>\n","protected":false},"author":29,"featured_media":0,"parent":0,"menu_order":0,"comment_status":"closed","ping_status":"closed","template":"","meta":{"ngg_post_thumbnail":0,"footnotes":""},"class_list":["post-2332","page","type-page","status-publish","hentry"],"_links":{"self":[{"href":"https:\/\/www.redlatif.org\/pt\/wp-json\/wp\/v2\/pages\/2332","targetHints":{"allow":["GET"]}}],"collection":[{"href":"https:\/\/www.redlatif.org\/pt\/wp-json\/wp\/v2\/pages"}],"about":[{"href":"https:\/\/www.redlatif.org\/pt\/wp-json\/wp\/v2\/types\/page"}],"author":[{"embeddable":true,"href":"https:\/\/www.redlatif.org\/pt\/wp-json\/wp\/v2\/users\/29"}],"replies":[{"embeddable":true,"href":"https:\/\/www.redlatif.org\/pt\/wp-json\/wp\/v2\/comments?post=2332"}],"version-history":[{"count":8,"href":"https:\/\/www.redlatif.org\/pt\/wp-json\/wp\/v2\/pages\/2332\/revisions"}],"predecessor-version":[{"id":2399,"href":"https:\/\/www.redlatif.org\/pt\/wp-json\/wp\/v2\/pages\/2332\/revisions\/2399"}],"wp:attachment":[{"href":"https:\/\/www.redlatif.org\/pt\/wp-json\/wp\/v2\/media?parent=2332"}],"curies":[{"name":"wp","href":"https:\/\/api.w.org\/{rel}","templated":true}]}}