{"id":43,"date":"2014-11-05T16:25:27","date_gmt":"2014-11-05T18:25:27","guid":{"rendered":"http:\/\/sirc.dgi.inpe.br\/redlatif\/?page_id=43"},"modified":"2017-03-30T19:42:52","modified_gmt":"2017-03-30T21:42:52","slug":"mapas","status":"publish","type":"page","link":"https:\/\/www.redlatif.org\/pt\/mapas\/","title":{"rendered":"Mapas"},"content":{"rendered":"<p>&nbsp;<\/p>\n<h3>Imagens<\/h3>\n<ul>\n<li><a title=\"VIIRS Active Fire\" href=\"http:\/\/viirsfire.geog.umd.edu\/\" target=\"_blank\">VIIRS Active Fire<\/a><\/li>\n<li><a title=\"Atlas of Our Changing Environment\" href=\"http:\/\/www.cathalac.org\/lac_atlas\/\" target=\"_blank\">Am\u00e9rica Latina e Caribe &#8211; Atlas de um ambiente em transforma\u00e7\u00e3o<\/a><\/li>\n<li>Inc\u00eandio em San Luis, Argentina<\/li>\n<li>Detec\u00e7\u00e3o de inc\u00eandios<\/li>\n<\/ul>\n<p>&nbsp;<\/p>\n<p>&nbsp;<\/p>\n<p>&nbsp;<\/p>","protected":false},"excerpt":{"rendered":"<p>&nbsp; Imagens VIIRS Active Fire Am\u00e9rica Latina e Caribe &#8211; Atlas de um ambiente em transforma\u00e7\u00e3o Inc\u00eandio em San Luis, Argentina Detec\u00e7\u00e3o de inc\u00eandios &nbsp; &nbsp; &nbsp;<\/p>\n","protected":false},"author":1,"featured_media":0,"parent":0,"menu_order":0,"comment_status":"open","ping_status":"closed","template":"","meta":{"ngg_post_thumbnail":0,"footnotes":""},"class_list":["post-43","page","type-page","status-publish","hentry"],"_links":{"self":[{"href":"https:\/\/www.redlatif.org\/pt\/wp-json\/wp\/v2\/pages\/43","targetHints":{"allow":["GET"]}}],"collection":[{"href":"https:\/\/www.redlatif.org\/pt\/wp-json\/wp\/v2\/pages"}],"about":[{"href":"https:\/\/www.redlatif.org\/pt\/wp-json\/wp\/v2\/types\/page"}],"author":[{"embeddable":true,"href":"https:\/\/www.redlatif.org\/pt\/wp-json\/wp\/v2\/users\/1"}],"replies":[{"embeddable":true,"href":"https:\/\/www.redlatif.org\/pt\/wp-json\/wp\/v2\/comments?post=43"}],"version-history":[{"count":14,"href":"https:\/\/www.redlatif.org\/pt\/wp-json\/wp\/v2\/pages\/43\/revisions"}],"predecessor-version":[{"id":2034,"href":"https:\/\/www.redlatif.org\/pt\/wp-json\/wp\/v2\/pages\/43\/revisions\/2034"}],"wp:attachment":[{"href":"https:\/\/www.redlatif.org\/pt\/wp-json\/wp\/v2\/media?parent=43"}],"curies":[{"name":"wp","href":"https:\/\/api.w.org\/{rel}","templated":true}]}}