{"id":85,"date":"2014-11-06T08:23:49","date_gmt":"2014-11-06T10:23:49","guid":{"rendered":"http:\/\/sirc.dgi.inpe.br\/redlatif\/?page_id=85"},"modified":"2024-11-27T16:56:47","modified_gmt":"2024-11-27T20:56:47","slug":"bienvenido","status":"publish","type":"page","link":"https:\/\/www.redlatif.org\/pt\/","title":{"rendered":"Home"},"content":{"rendered":"<h2 class=\"wp-block-heading\">Bem-vindo!<\/h2>\r\n<p>A Rede Latino-Americana de Sensoriamento Remoto e Inc\u00eandios Florestais (#RedLaTIF) \u00e9 uma rede regional que visa unir esfor\u00e7os no campo da observa\u00e7\u00e3o e gest\u00e3o de inc\u00eandios florestais em todos os pa\u00edses da Am\u00e9rica Latina. Esta rede est\u00e1 intimamente ligada ao programa Global Observations of Forest and Land Cover Dynamics (GOFC\/GOLD), que procura contribuir para o cumprimento dos objetivos do referido programa.<\/p>\r\n\r\n<p>&nbsp;<\/p>\r\n\r\n<p>Nuestra m\u00e1s reciente actividad.<\/p>\r\n\r\n<p>&nbsp;<\/p>\r\n\r\n<h1 class=\"wp-block-heading\">Webinar RedLaTIF 2021<\/h1>\r\n\r\n<p>&nbsp;<\/p>\r\n\r\n<p><iframe loading=\"lazy\" title=\"YouTube video player\" src=\"https:\/\/www.youtube.com\/embed\/S78Bmvu-7-M?controls=0\" width=\"560\" height=\"315\" frameborder=\"0\" allowfullscreen=\"allowfullscreen\"><\/iframe><\/p>\r\n\r\n<p>&nbsp;<\/p>\r\n\r\n<h4 class=\"wp-block-heading\"><strong>Herramientas para el Mapeo de \u00c1reas Quemadas (BAMT) en GoogleEarthEngine\u200b<\/strong><\/h4>\r\n\r\n<p>&nbsp;<\/p>\r\n\r\n<p><strong>Ekhi Roteta<\/strong> estudi\u00f3 el grado en Ingenier\u00eda en Geom\u00e1tica y Topograf\u00eda en la Universidad del Pa\u00eds Vasco (UPV\/EHU), con el \u00faltimo a\u00f1o realizado en la universidad suiza de Haute \u00c9cole d&#8217;Ing\u00e9nierie et de Gestion du Canton de Vaud (HEIG-VD), continuando su trabajo en el \u00e1mbito de la detecci\u00f3n de \u00e1reas quemadas.<\/p>\r\n\r\n<p>&nbsp;<\/p>\r\n\r\n<p><strong><em>Con el auspicio de:<\/em><\/strong><\/p>\r\n\r\n<p>&nbsp;<\/p>\r\n\r\n<p>Red Latinoamericana de Teledetecci\u00f3n e Incendios Forestales &#8211; <a href=\"https:\/\/www.youtube.com\/redirect?event=video_description&amp;redir_token=QUFFLUhqbDRiWUFBcGdmZ3lUM19iSWRRUDU2X2Fqb0VkZ3xBQ3Jtc0tsT2lucmd0c0tEM2trRFZqMmJVQ2ZWXzhoRlFOLXJrM3MxSjMybVlZelZ1cVF5OWZfemtNSDRURW5PWGZ2dzZ2WWZiU2h6VXpYNWFPaU9IWFdzN1ZHbm1nemVNRkFFSURDazA1QnluOWtqckNkUk5KMA&amp;q=http%3A%2F%2Fwww.redlatif.org%2F\" target=\"_blank\" rel=\"noreferrer noopener\">http:\/\/www.redlatif.org\/<\/a>\u200b<\/p>\r\n\r\n<p>&nbsp;<\/p>\r\n\r\n<p>Fundacion Amigos de la Naturaleza <a href=\"https:\/\/www.youtube.com\/redirect?event=video_description&amp;redir_token=QUFFLUhqbmxja0w4cE1WM182VExMQjJ5R1B6eTdva0JHd3xBQ3Jtc0tuQ1NTRi00ZE5SYWhzOGZLdVd4aTNIOVVQaG5NLUVLR25qWUVrVkJlZ3JTZHBzRzFQTmpxSjNDMXdJd1N4eDJxcDhNRmFJeHM3NVZsbDVLc2tEa0RqUUpGdlVYQ0s0cHAya1g2MjQyUm16SlRzRUg2RQ&amp;q=https%3A%2F%2Fwww.fan-bo.org%2F\" target=\"_blank\" rel=\"noreferrer noopener\">https:\/\/www.fan-bo.org\/<\/a>\u200b<\/p>\r\n\r\n<p>&nbsp;<\/p>\r\n\r\n<p>Geoinformacion <a href=\"https:\/\/www.youtube.com\/redirect?event=video_description&amp;redir_token=QUFFLUhqbGYzZkVnTzdtbUNCOUdkZ1JnX2JkUXBsXzk1d3xBQ3Jtc0ttZ2tRUXlHcTlmam92SWt1MUdoTDAta3R6YTg2NEFWQkFoRkE3OEJZRldlVlFRQ2wyQXpqc3luYlBhV1JIRzE4TkNnUmlEQnFtVjJvaklXVE1KeE4waEVLcVRzZnZOZVIyUVRqRzY2bEhEdFNoU1BHYw&amp;q=https%3A%2F%2Fcursogeoi.com%2F\" target=\"_blank\" rel=\"noreferrer noopener\">https:\/\/cursogeoi.com\/<\/a><\/p>\r\n\r\n<p>&nbsp;<\/p>\r\n\r\n<div class=\"wp-block-buttons is-layout-flex wp-block-buttons-is-layout-flex\">\r\n<div class=\"wp-block-button\"><a class=\"wp-block-button__link has-vivid-red-background-color has-background\" href=\"http:\/\/www.redlatif.org\/webinar\/\">Webinars anteriores<\/a><\/div>\r\n<\/div>\r\n\r\n<p>&nbsp;<\/p>\r\n\r\n<h2 class=\"wp-block-heading\">RedLaTIF<\/h2>\r\n\r\n<p>&nbsp;<\/p>\r\n\r\n<p>Los miembros de la red se reunieron en<a href=\"https:\/\/www.arl.noaa.gov\/wp_arl\/wp-content\/uploads\/documents\/1pgr_NCWCP.pdf\">&nbsp;NOAA,<\/a>&nbsp; Estados Unidos, la primera semana de octubre 2018. &nbsp;La reuni\u00f3n se realiz\u00f3 con el apoyo de <a href=\"http:\/\/start.org\/\">START<\/a>.<\/p>\r\n\r\n<p>&nbsp;<\/p>\r\n\r\n<figure class=\"wp-block-image\"><img loading=\"lazy\" decoding=\"async\" width=\"300\" height=\"300\" class=\"wp-image-2317\" src=\"http:\/\/www.redlatif.org\/wp-content\/uploads\/2021\/05\/22780287_10155159080107648_3951518209680283937_n-1-300x300.jpg\" alt=\"\" srcset=\"https:\/\/www.redlatif.org\/wp-content\/uploads\/2021\/05\/22780287_10155159080107648_3951518209680283937_n-1-300x300.jpg 300w, https:\/\/www.redlatif.org\/wp-content\/uploads\/2021\/05\/22780287_10155159080107648_3951518209680283937_n-1-150x150.jpg 150w, https:\/\/www.redlatif.org\/wp-content\/uploads\/2021\/05\/22780287_10155159080107648_3951518209680283937_n-1-80x80.jpg 80w, https:\/\/www.redlatif.org\/wp-content\/uploads\/2021\/05\/22780287_10155159080107648_3951518209680283937_n-1-320x320.jpg 320w, https:\/\/www.redlatif.org\/wp-content\/uploads\/2021\/05\/22780287_10155159080107648_3951518209680283937_n-1.jpg 375w\" sizes=\"auto, (max-width: 300px) 100vw, 300px\" \/><\/figure>\r\n\r\n<p>&nbsp;<\/p>\r\n\r\n<p>Desde la \u00faltima reuni\u00f3n en INPE la red viene utilizando GEE para evaluar el uso de las series de tiempo en la detecci\u00f3n de \u00e1reas quemadas. Para ello han refinado modelos basados en dNBR donde se ha generado un compuesto en prefuego con valores m\u00e1ximos de NBR y se han filtrado las nubes, las sombras de las nubes y los suelos desnudos.&nbsp; Los resultados se presentaron en <a href=\"http:\/\/www.redlatif.org\/wp-content\/uploads\/2018\/10\/PosterForestsat_20180927_lowres_1.jpg\">P\u00d3STER en ForestSAT 2018<\/a>, organizado por The University of Maryland y NASA&nbsp;goddard space flight center.<\/p>\r\n\r\n<p>&nbsp;<\/p>\r\n\r\n<p>Leer el reporte del taller en <a href=\"http:\/\/www.redlatif.org\/wp-content\/uploads\/2018\/12\/Redlatif_meeting_report.pdf\">NOOA 2018<\/a><\/p>\r\n\r\n<p>&nbsp;<\/p>\r\n\r\n<p>RedLatIF estuvo present\u00e9 en el simposio SELPER Argentina 2016&nbsp;y en la conferencia de ForestSat Chile 2016&nbsp;se hicieron varias presentaciones de la red y los proyectos actuales. &nbsp;De resaltar la presentaci\u00f3n de Alberto Setzer, por el valor agregado (reportes, tablas, res\u00famenes consolidados, etc) que tienen los productos de INPE de focos de calor. Las presentaciones se pueden descargar de la p\u00e1gina de GOFC-FIRE:<\/p>\r\n\r\n<p>&nbsp;<\/p>\r\n\r\n<p><a href=\"http:\/\/gofc-fire.umd.edu\/meeting\/static\/GOFC_Fire_IT_2016\/pdfs\/day1\/Anaya_9.pdf\">Detecci\u00f3n de \u00e1rea quemada con Google Earth Engine<\/a><\/p>\r\n\r\n<p>&nbsp;<\/p>\r\n\r\n<p><a href=\"http:\/\/redlatif.org\/wp-content\/uploads\/2014\/11\/PresentacionRedLaTIF_RegionalMeeting_20170822.pdf\">Presentaci\u00f3n de la Red<\/a><\/p>\r\n\r\n<p>&nbsp;<\/p>\r\n\r\n<p><a href=\"http:\/\/gofc-fire.umd.edu\/meeting\/static\/GOFC_Fire_IT_2016\/pdfs\/day2\/Setzer_8.pdf\">Presentaci\u00f3n INPE<\/a>&nbsp; &nbsp; &nbsp; &nbsp; &nbsp; &nbsp;Ver tambi\u00e9n: &nbsp; &nbsp;&nbsp;<a href=\"http:\/\/www.inpe.br\/queimadas\">www.inpe.br\/queimadas<\/a><\/p>","protected":false},"excerpt":{"rendered":"<p>Bem-vindo! A Rede Latino-Americana de Sensoriamento Remoto e Inc\u00eandios Florestais (#RedLaTIF) \u00e9 uma rede regional que visa unir esfor\u00e7os no campo da observa\u00e7\u00e3o e gest\u00e3o de inc\u00eandios florestais em todos os pa\u00edses da Am\u00e9rica&#46;&#46;&#46;<\/p>\n","protected":false},"author":1,"featured_media":0,"parent":0,"menu_order":0,"comment_status":"open","ping_status":"open","template":"","meta":{"ngg_post_thumbnail":0,"footnotes":""},"class_list":["post-85","page","type-page","status-publish","hentry"],"_links":{"self":[{"href":"https:\/\/www.redlatif.org\/pt\/wp-json\/wp\/v2\/pages\/85","targetHints":{"allow":["GET"]}}],"collection":[{"href":"https:\/\/www.redlatif.org\/pt\/wp-json\/wp\/v2\/pages"}],"about":[{"href":"https:\/\/www.redlatif.org\/pt\/wp-json\/wp\/v2\/types\/page"}],"author":[{"embeddable":true,"href":"https:\/\/www.redlatif.org\/pt\/wp-json\/wp\/v2\/users\/1"}],"replies":[{"embeddable":true,"href":"https:\/\/www.redlatif.org\/pt\/wp-json\/wp\/v2\/comments?post=85"}],"version-history":[{"count":264,"href":"https:\/\/www.redlatif.org\/pt\/wp-json\/wp\/v2\/pages\/85\/revisions"}],"predecessor-version":[{"id":2434,"href":"https:\/\/www.redlatif.org\/pt\/wp-json\/wp\/v2\/pages\/85\/revisions\/2434"}],"wp:attachment":[{"href":"https:\/\/www.redlatif.org\/pt\/wp-json\/wp\/v2\/media?parent=85"}],"curies":[{"name":"wp","href":"https:\/\/api.w.org\/{rel}","templated":true}]}}